{"id":3779,"date":"2024-01-17T08:14:28","date_gmt":"2024-01-17T07:14:28","guid":{"rendered":"https:\/\/www.my-it-brain.de\/wordpress\/?page_id=3779"},"modified":"2025-12-26T13:25:10","modified_gmt":"2025-12-26T12:25:10","slug":"hardware-dinge-zum-anfassen","status":"publish","type":"page","link":"https:\/\/www.my-it-brain.de\/wordpress\/hardware-dinge-zum-anfassen\/","title":{"rendered":"Hardware &#8211; Dinge zum Anfassen"},"content":{"rendered":"\n<p>Auf dieser Seite findet ihr eine \u00dcbersicht der IT-Ger\u00e4te, die sich in meinem Heimnetzwerk und an entfernten Standorten befinden. Neben den technischen Parametern gibt es eine kurze Beschreibung, wof\u00fcr die einzelnen Ger\u00e4te prim\u00e4r genutzt werden.<\/p>\n\n\n\n<p>Hardware, die ich verkaufe oder verschenken m\u00f6chte, findet ihr auf dem <a href=\"https:\/\/flohmarkt.adminforge.de\/~Tronde\">Flohmarkt<\/a>.<\/p>\n\n\n\n<h2 class=\"wp-block-heading\">Hardware im Heimnetz<\/h2>\n\n\n\n<ul class=\"wp-block-list\">\n<li>Seit 2021 dient ein <a href=\"https:\/\/www.my-it-brain.de\/wordpress\/es-ist-in-2021-ein-lenovo-thinkpad-t14s-amd-geworden\/\">Lenovo ThinkPad T14s (AMD)<\/a> mit <a href=\"https:\/\/fedoraproject.org\/\">Fedora<\/a> als mein privates Hauptarbeitsmittel<\/li>\n\n\n\n<li>Ein <a href=\"https:\/\/www.philips.de\/c-p\/346B1C_01\/curved-ultrawide-lcd-monitor-mit-usb-c-anschluss\">Philips 346B1C\/01 Curved UltraWide LCD-Monitor mit USB-C-Anschluss<\/a> steht als Datensichtger\u00e4t seit 2023 auf meinem Schreibtisch<\/li>\n\n\n\n<li>Mit einem <a href=\"https:\/\/www.jabra.com.de\/business\/office-headsets\/jabra-evolve\/jabra-evolve2-65\">Jabra Evolve2 65 Wireless Headset<\/a> gibt es seit 2023 etwas auf die Ohren<\/li>\n\n\n\n<li>Eine <a href=\"https:\/\/www.logitech.com\/de-de\/products\/webcams\/c920s-pro-hd-webcam.960-001252.html\">Logitech C920s HD PRO<\/a> setzt mich seit 2023 ins richtige Bild<\/li>\n\n\n\n<li>Eine <a href=\"https:\/\/www.my-it-brain.de\/wordpress\/ausbau-des-heimnetzwerks-teil-1-synology-ds213air\/\" data-type=\"post\" data-id=\"531\">Synology Diskstation DS213air<\/a> dient mir seit 2013 als Netzwerkspeicher (NAS)\n<ul class=\"wp-block-list\">\n<li>Dient als Backup-Senke<\/li>\n\n\n\n<li>Beheimatet Foto-, Video- und Musiksammlung<\/li>\n\n\n\n<li>Stellt Netzlaufwerke f\u00fcr Windows und Linux bereit<\/li>\n\n\n\n<li>Bietet aktuell 2,7 TB Speicherkapazit\u00e4t (2 Disks als RAID 1)<\/li>\n\n\n\n<li>Externe USB-Festplatte (500 GB) f\u00fcr lokale Backups<\/li>\n\n\n\n<li>Zus\u00e4tzlich habe ich ein <a href=\"https:\/\/www.my-it-brain.de\/wordpress\/mit-einem-reverse-ssh-tunnel-zum-offsite-backup\/\" data-type=\"post\" data-id=\"1936\">Offsite-Backup<\/a> konfiguriert<\/li>\n<\/ul>\n<\/li>\n\n\n\n<li>Ein Selbstbau mit <a href=\"https:\/\/www.redhat.com\/en\/technologies\/linux-platforms\/enterprise-linux\">RHEL<\/a> dient mir als Libvirt\/KVM-Hypervisor f\u00fcr virtuelle Maschinen\n<ul class=\"wp-block-list\">\n<li>Mainboard: <a href=\"https:\/\/de.msi.com\/Motherboard\/B550-A-PRO\/Specification\">B550-A PRO (MS-7C56)<\/a><\/li>\n\n\n\n<li>CPU: <a href=\"https:\/\/www.amd.com\/en\/support\/apu\/amd-ryzen-pro-processors\/amd-ryzen-5-pro-4000-series-desktop-processors\/amd-ryzen-5-pro\">AMD Ryzen 5 PRO 4650G<\/a> with Radeon Graphics<\/li>\n\n\n\n<li>RAM: 64 GB DDR4-3200<\/li>\n\n\n\n<li>Festplatten:\n<ul class=\"wp-block-list\">\n<li>ADATA SU800 256 GB<\/li>\n\n\n\n<li>SanDisk SSD PLUS 1000GB<\/li>\n<\/ul>\n<\/li>\n<\/ul>\n<\/li>\n\n\n\n<li>Ein <a href=\"https:\/\/de.wikipedia.org\/wiki\/Raspberry_Pi#Hardware\">Raspberry Pi Model B Rev 2 (BCM2835)<\/a> stellte bis 2024 <a href=\"https:\/\/pi-hole.net\/\">Pi-hole<\/a> bereit und dient seither als Cold-Standby<\/li>\n\n\n\n<li>Drei Samstung Galaxy Tab S4; dies sind unsere digitalen Schweizer-Taschenmesser<\/li>\n\n\n\n<li>Als privates Mobiltelefon benutze ich seit 2022 ein Samsung Galaxy S22 mit einem Congstar-Tarif<\/li>\n\n\n\n<li>Beruflich nutze ich seit 2023 ein Google Pixel 7 mit einem T-Mobile-Tarif<\/li>\n\n\n\n<li>Ein <a href=\"https:\/\/www.netgear.com\/de\/business\/wired\/switches\/plus\/gs108e\/\">Netgear GS108E<\/a> Managed Switch 8 Port Gigabit Ethernet LAN vernetzt seit Ende 2023 die Hardware im Keller<\/li>\n\n\n\n<li>Das <a href=\"https:\/\/www.netgear.de\/support\/product\/rbk53\">Netgear Orbi RBK53 Ultra Speed Mesh<\/a>-WLAN-System (3.000 MBit\/s<br>Geschwindigkeit, Tri-Band 3er Set mit Mesh-Router + 2x Satellit-Repeater k\u00fcmmert sich seit 2020 um das WLAN<\/li>\n\n\n\n<li>Unser <a href=\"https:\/\/www.my-it-brain.de\/wordpress\/wie-installiere-ich-den-netzwerk-drucker-brother-mfc-j890dw-in-rhel-9\/\">Brother MFC-J890DW<\/a> scannt und druckt f\u00fcr die Familie im Netzwerk<\/li>\n\n\n\n<li>Ein <a href=\"https:\/\/store.brother.de\/catalogs\/brothergermany\/geraete\/scanner\/ads\/ads1700w?sc_src=corp\">Brother ADS-1700W<\/a> digitalisiert den gr\u00f6\u00dften Teil unseres Papierkrams<\/li>\n\n\n\n<li>Weitere ThinkPads:\n<ul class=\"wp-block-list\">\n<li>Beruflich arbeite ich seit Ende 2024 mit einem Lenovo T14 Gen4, auf dem ein <a href=\"https:\/\/fedoraproject.org\/\">Fedora<\/a> Corporate Standard Build (CSB) l\u00e4uft<\/li>\n\n\n\n<li>Ein Lenovo T410 mit <a href=\"https:\/\/www.debian.org\/\">Debian stable<\/a> als Reserve f\u00fcr Wochenend-Projekte\n<ul class=\"wp-block-list\">\n<li>CPU: Intel(R) Core(TM) i5 CPU @ 2.40GHz<\/li>\n\n\n\n<li>RAM: 8 GB<\/li>\n\n\n\n<li>Festplatte: Cruzial CT250MX200 250 GB SSD<\/li>\n<\/ul>\n<\/li>\n\n\n\n<li>Ein Lenovo X201 mit <a href=\"https:\/\/www.debian.org\/\">Debian stable<\/a> als Reise-Laptop und als Reserve f\u00fcr Wochenend-Projekte\n<ul class=\"wp-block-list\">\n<li>CPU: Intel(R) Core(TM) i5 CPU M 520 @ 2.40GHz<\/li>\n\n\n\n<li>RAM: 4 GB<\/li>\n\n\n\n<li>Festplatte: ADATA SP900 128 GB SSD<\/li>\n<\/ul>\n<\/li>\n\n\n\n<li>Ein Lenovo T580 mit Windows ist das Hauptarbeitsger\u00e4t meiner Frau<\/li>\n\n\n\n<li>Irgendwo gibt es noch eins; ich suche\u2026<\/li>\n<\/ul>\n<\/li>\n\n\n\n<li>Protectli <a href=\"https:\/\/eu.protectli.com\/product\/vp2410\/\">VP2410 \u2013 4 Port Intel \u00ae CeleVP2410 \u2013 4 Port Intel \u00ae Celeron J4125ron J4125<\/a>\n<ul class=\"wp-block-list\">\n<li>RAM: 16 GB<\/li>\n\n\n\n<li>SSD: 480 GB<\/li>\n\n\n\n<li>BIOS: coreboot (Open Source) BIOS<\/li>\n\n\n\n<li>Betriebssystem: OPNsense 25.7<\/li>\n\n\n\n<li>Dieses Ger\u00e4t lag seit 2023 ungenutzt herum, da sich die Anschaltung des Glasfaseranschlusses um ein Jahr verz\u00f6gert hat; seit Oktober 2024 ist er endlich in Betrieb<\/li>\n<\/ul>\n<\/li>\n<\/ul>\n\n\n\n<h2 class=\"wp-block-heading\">Entfernte Ger\u00e4tschaften<\/h2>\n\n\n\n<ul class=\"wp-block-list\">\n<li>Ein Host aus der Hetzner-Serverb\u00f6rse dient mir als Hypervisor f\u00fcr Labor-Umgebungen (Standort Deutschland)\n<ul class=\"wp-block-list\">\n<li>Betriebssystem: RHEL 9 mit KVM\/libvirt\n<ul class=\"wp-block-list\">\n<li>Mainboard: Gigabyte B360HD3PLM-CF<\/li>\n\n\n\n<li>CPU: Intel(R) Core(TM) i9-9900K CPU @ 3.60GHz<\/li>\n\n\n\n<li>RAM: 4x 32 GB DDR4<\/li>\n\n\n\n<li>Drei 950 GB NVME<\/li>\n<\/ul>\n<\/li>\n<\/ul>\n<\/li>\n\n\n\n<li>Ein Contabo VPS mit <a href=\"https:\/\/www.debian.org\/\">Debian stable<\/a> hostet u.a. diesen Blog und meine Nextcloud\n<ul class=\"wp-block-list\">\n<li>QEMU Standard PC, 6 Cores, 16 GB RAM, 400 GB HDD<\/li>\n<\/ul>\n<\/li>\n<\/ul>\n\n\n\n<p><\/p>\n","protected":false},"excerpt":{"rendered":"<p>Auf dieser Seite findet ihr eine \u00dcbersicht der IT-Ger\u00e4te, die sich in meinem Heimnetzwerk und an entfernten Standorten befinden. Neben den technischen Parametern gibt es eine kurze Beschreibung, wof\u00fcr die einzelnen Ger\u00e4te prim\u00e4r genutzt werden. Hardware, die ich verkaufe oder verschenken m\u00f6chte, findet ihr auf dem Flohmarkt. Hardware im Heimnetz Entfernte Ger\u00e4tschaften<\/p>\n","protected":false},"author":1,"featured_media":0,"parent":0,"menu_order":0,"comment_status":"closed","ping_status":"closed","template":"","meta":{"_metis_text_type":"standard","_metis_text_length":3442,"_post_count":0,"footnotes":""},"class_list":["post-3779","page","type-page","status-publish","hentry"],"public_identification_id":"bf65f5ff325f457ea8c97c7a54c85545","private_identification_id":"fd137bb5d36f404c915440b00f85a3c2","_links":{"self":[{"href":"https:\/\/www.my-it-brain.de\/wordpress\/wp-json\/wp\/v2\/pages\/3779","targetHints":{"allow":["GET"]}}],"collection":[{"href":"https:\/\/www.my-it-brain.de\/wordpress\/wp-json\/wp\/v2\/pages"}],"about":[{"href":"https:\/\/www.my-it-brain.de\/wordpress\/wp-json\/wp\/v2\/types\/page"}],"author":[{"embeddable":true,"href":"https:\/\/www.my-it-brain.de\/wordpress\/wp-json\/wp\/v2\/users\/1"}],"replies":[{"embeddable":true,"href":"https:\/\/www.my-it-brain.de\/wordpress\/wp-json\/wp\/v2\/comments?post=3779"}],"version-history":[{"count":16,"href":"https:\/\/www.my-it-brain.de\/wordpress\/wp-json\/wp\/v2\/pages\/3779\/revisions"}],"predecessor-version":[{"id":4264,"href":"https:\/\/www.my-it-brain.de\/wordpress\/wp-json\/wp\/v2\/pages\/3779\/revisions\/4264"}],"wp:attachment":[{"href":"https:\/\/www.my-it-brain.de\/wordpress\/wp-json\/wp\/v2\/media?parent=3779"}],"curies":[{"name":"wp","href":"https:\/\/api.w.org\/{rel}","templated":true}]}}