{"id":1573,"date":"2016-09-30T23:03:06","date_gmt":"2016-09-30T21:03:06","guid":{"rendered":"https:\/\/www.my-it-brain.de\/wordpress\/?page_id=1573"},"modified":"2023-12-03T19:52:09","modified_gmt":"2023-12-03T18:52:09","slug":"zu-meiner-person","status":"publish","type":"page","link":"https:\/\/www.my-it-brain.de\/wordpress\/zu-meiner-person\/","title":{"rendered":"Zu meiner Person"},"content":{"rendered":"<p>Seit M\u00e4rz 2023 arbeite ich als Senior Technical Account Manager f\u00fcr die Firma <a href=\"https:\/\/www.redhat.com\/de\/about\/company\">Red Hat<\/a>. Ich freue mich sehr, dass ich nun meinen Lebensunterhalt mit der Arbeit mit und f\u00fcr Open-Source-Software verdienen kann.<\/p>\n<p>In diesem Blog schreibe ich Artikel zu verschiedenen Themen aus der IT-Welt. Einen Fokus lege ich dabei auf die Bereiche Open Source, Linux und Sicherheit von IT-Diensten. Darunter finden sich auch Beschreibungen und Dokumentationen zu meinen Hobby-Projekten. Neben den Blog-Artikeln gibt es eine \u00dcbersicht weiterer <a href=\"https:\/\/www.my-it-brain.de\/wordpress\/artikel-und-vortraege\/\">Artikel und Vortr\u00e4ge<\/a>, die ich an anderer Stelle gehalten habe und die \u00fcber diese Seite abrufbar sind. Die hier ver\u00f6ffentlichten Ansichten sind meine eigenen. Sie k\u00f6nnen mit denen von Red Hat \u00fcbereinstimmen, m\u00fcssen es jedoch nicht.\u00a0<\/p>\n<h2>Werdegang<\/h2>\n<ul>\n<li>Aktuell: Senior Technical Account Manager bei <a href=\"https:\/\/www.redhat.com\/de\/about\/company\">Red Hat<\/a>.<\/li>\n<li>M\u00e4rz 2015 &#8211; M\u00e4rz 2023: Mitarbeiter im <a href=\"https:\/\/www.uni-bielefeld.de\/bits\/\">BITS &#8212; Bielefelder IT-Servicezentrum<\/a> der <a href=\"http:\/\/www.uni-bielefeld.de\">Universit\u00e4t Bielefeld<\/a> in der Abteilung Plattformen und Serverdienste.<\/li>\n<li>September 2014 &#8211; Februar 2015 Leiter Technik der <a href=\"https:\/\/einsnulleins.de\/\">einsnulleins GmbH<\/a>.<\/li>\n<li>April 2014 Abschluss des berufsbegleitenden Fernstudiums an der <a href=\"http:\/\/www.wb-fernstudium.de\/\">Wilhelm B\u00fcchner Hochschule<\/a>. Titel der Bachelorthesis: <a href=\"https:\/\/www.my-it-brain.de\/wordpress\/wp-content\/uploads\/2015\/03\/Joerg_Kastning_Bachelorthesis.pdf\">&#8222;Erstellung eines Konzepts zur Minimierung von Kosten und Ausfallzeiten im Rechenzentrum&#8220;<\/a>.<\/li>\n<li>September 2011 &#8211; Februar 2015 IT-Systemadministrator und IT-Projektleiter bei der <a href=\"http:\/\/synaxon.de\/\">Synaxon<\/a>.<\/li>\n<li>August 2006 &#8211; August 2011 IT-Systemadministrator bei <a href=\"http:\/\/www.bcs-shg.de\/\">BCS Bartels Computer Systeme GmbH<\/a>.<\/li>\n<li>August 2003 &#8211; Juli 2006 Ausbildung zum Fachinformatiker Systemintegration bei der <a href=\"http:\/\/www.bcs-shg.de\/\">BCS Bartels Computer Systeme GmbH<\/a>.<\/li>\n<\/ul>\n\n\n<h2 class=\"wp-block-heading\">Mein PGP-\/GnuPG-Key<\/h2>\n\n\n\n<p>Wenn Sie auf sicherem Weg mit mir kommunizieren m\u00f6chten, empfehle ich Ihnen den Einsatz von PGP bzw. der Open-Source-Variante GnuPG. Ich empfehle grunds\u00e4tzlich den Einsatz von GnuPGP, weil sie zum einen nichts kostet und zum anderen eben grunds\u00e4tzlich im offenen Quellcode vorliegt und durch Verschl\u00fcsselungsspezialisten \u00fcberpr\u00fcfbar bleibt.<\/p>\n\n\n\n<h3 class=\"wp-block-heading\" id=\"key-parameter\">Schl\u00fcsselparameter<\/h3>\n\n\n\n<p>Hier finden Sie den \u00f6ffentlichen Teil meines PGP-\/GnuPG-Schl\u00fcssels.<\/p>\n\n\n\n<figure class=\"wp-block-table\"><table><tbody><tr><td>Key-ID<\/td><td>7A302E30<\/td><\/tr><tr><td>Key-ID (long)<\/td><td>55E283FB7A302E30<\/td><\/tr><tr><td>Key-Parameter<\/td><td>RSA 4096 Bit<\/td><\/tr><tr><td>Fingerprint<\/td><td>2026 DF56 89B6 F79A E776 B15B 55E2 83FB 7A30 2E30<\/td><\/tr><\/tbody><\/table><figcaption class=\"wp-element-caption\">Identifizierende Merkmale meines \u00f6ffentlichen PGP-\/GnuPG-Schl\u00fcssels<\/figcaption><\/figure>\n\n\n\n<h3 class=\"wp-block-heading\" id=\"pub-key\">Public Key<\/h3>\n\n\n\n<p>Der Public Key befindet sich in der Datei: <a href=\"https:\/\/www.my-it-brain.de\/pgp_pub_key_joerg_kastning.asc\">pgp_pub_key_joerg_kastning.asc<\/a><\/p>\n","protected":false},"excerpt":{"rendered":"<p>Seit M\u00e4rz 2023 arbeite ich als Senior Technical Account Manager f\u00fcr die Firma Red Hat. Ich freue mich sehr, dass ich nun meinen Lebensunterhalt mit der Arbeit mit und f\u00fcr Open-Source-Software verdienen kann. In diesem Blog schreibe ich Artikel zu verschiedenen Themen aus der IT-Welt. Einen Fokus lege ich dabei auf die Bereiche Open Source,<span class=\"continue-reading\"> <a href=\"https:\/\/www.my-it-brain.de\/wordpress\/zu-meiner-person\/\">[Weiterlesen&#8230;]<\/a><\/span><\/p>\n","protected":false},"author":1,"featured_media":0,"parent":0,"menu_order":0,"comment_status":"closed","ping_status":"closed","template":"","meta":{"_metis_text_type":"standard","_metis_text_length":2319,"_post_count":0,"footnotes":""},"class_list":["post-1573","page","type-page","status-publish","hentry"],"_links":{"self":[{"href":"https:\/\/www.my-it-brain.de\/wordpress\/wp-json\/wp\/v2\/pages\/1573","targetHints":{"allow":["GET"]}}],"collection":[{"href":"https:\/\/www.my-it-brain.de\/wordpress\/wp-json\/wp\/v2\/pages"}],"about":[{"href":"https:\/\/www.my-it-brain.de\/wordpress\/wp-json\/wp\/v2\/types\/page"}],"author":[{"embeddable":true,"href":"https:\/\/www.my-it-brain.de\/wordpress\/wp-json\/wp\/v2\/users\/1"}],"replies":[{"embeddable":true,"href":"https:\/\/www.my-it-brain.de\/wordpress\/wp-json\/wp\/v2\/comments?post=1573"}],"version-history":[{"count":28,"href":"https:\/\/www.my-it-brain.de\/wordpress\/wp-json\/wp\/v2\/pages\/1573\/revisions"}],"predecessor-version":[{"id":3735,"href":"https:\/\/www.my-it-brain.de\/wordpress\/wp-json\/wp\/v2\/pages\/1573\/revisions\/3735"}],"wp:attachment":[{"href":"https:\/\/www.my-it-brain.de\/wordpress\/wp-json\/wp\/v2\/media?parent=1573"}],"curies":[{"name":"wp","href":"https:\/\/api.w.org\/{rel}","templated":true}]}}